{"id":809,"date":"2022-06-16T13:30:14","date_gmt":"2022-06-16T13:30:14","guid":{"rendered":"https:\/\/heldenreise.com\/?page_id=809"},"modified":"2024-11-04T13:55:52","modified_gmt":"2024-11-04T13:55:52","slug":"newsletter-anmeldung","status":"publish","type":"page","link":"https:\/\/heldenreise.com\/index.php\/newsletter-anmeldung\/","title":{"rendered":"Newsletter-Anmeldung"},"content":{"rendered":"<p>[et_pb_section fb_built=&#8221;1&#8243; next_background_color=&#8221;#fff5c6&#8243; _builder_version=&#8221;4.8.1&#8243; _module_preset=&#8221;default&#8221; background_color=&#8221;rgba(255,236,155,0.94)&#8221; background_image=&#8221;https:\/\/heldenreise.com\/wp-content\/uploads\/2021\/01\/Webhintergrund-Holotropes-Atmen-e1611878092921.jpg&#8221; parallax=&#8221;on&#8221; min_height=&#8221;181px&#8221; custom_padding=&#8221;0px|||||&#8221; top_divider_color=&#8221;#FFFFFF&#8221; top_divider_height=&#8221;17px&#8221; bottom_divider_style=&#8221;waves2&#8243; bottom_divider_height=&#8221;60px&#8221; global_colors_info=&#8221;{}&#8221;][et_pb_row column_structure=&#8221;1_2,1_2&#8243; _builder_version=&#8221;4.8.1&#8243; _module_preset=&#8221;default&#8221; min_height=&#8221;86.9px&#8221; custom_padding=&#8221;91px|||||&#8221; global_colors_info=&#8221;{}&#8221;][et_pb_column type=&#8221;1_2&#8243; _builder_version=&#8221;4.8.1&#8243; _module_preset=&#8221;default&#8221; global_colors_info=&#8221;{}&#8221;][et_pb_text _builder_version=&#8221;4.8.1&#8243; _module_preset=&#8221;default&#8221; global_colors_info=&#8221;{}&#8221;][\/et_pb_text][et_pb_text _builder_version=&#8221;4.9.3&#8243; _module_preset=&#8221;default&#8221; text_text_color=&#8221;#FFFFFF&#8221; text_font_size=&#8221;61px&#8221; header_font_size=&#8221;37px&#8221; background_layout=&#8221;dark&#8221; text_text_shadow_style=&#8221;preset2&#8243; text_text_shadow_horizontal_length=&#8221;-0.1em&#8221; inline_fonts=&#8221;Grandstander&#8221; global_colors_info=&#8221;{}&#8221;]<\/p>\n<h1><\/h1>\n<h1><span style=\"font-size: xx-large; font-family: inherit; font-weight: normal;\">JAkraft!\u00a0 Heldenreise-Newsletter<\/span><br \/><span style=\"font-size: x-large;\">Rechtzeitig Infos erhalten zu neuen Workshopterminen. Holotropes Atmen, Heldenreise-Training, Wonnetraining etc.<\/span><\/h1>\n<p>[\/et_pb_text][\/et_pb_column][et_pb_column type=&#8221;1_2&#8243; _builder_version=&#8221;4.8.1&#8243; _module_preset=&#8221;default&#8221; global_colors_info=&#8221;{}&#8221;][et_pb_text _builder_version=&#8221;4.8.1&#8243; _module_preset=&#8221;default&#8221; text_text_color=&#8221;#F9F9DE&#8221; text_text_shadow_style=&#8221;preset2&#8243; text_text_shadow_vertical_length=&#8221;0.12em&#8221; text_text_shadow_blur_strength=&#8221;0.25em&#8221; text_text_shadow_color=&#8221;#000000&#8243; global_colors_info=&#8221;{}&#8221;]<\/p>\n<p style=\"text-align: right;\"><span style=\"font-size: 13pt;\"><b><span style=\"font-size: 20pt;\"><\/span><\/b><\/span><strong><span style=\"font-size: 5pt;\"><br \/><\/span><span style=\"font-size: 10pt;\"><span style=\"font-size: large;\">Andreas Kleindienst<\/span><br \/><span style=\"font-size: large;\">Heilpraktiker f\u00fcr Psychotherapie<br \/>Gestalttherapeut &amp;<br \/>Heldenreiseleiter nach Paul Rebillot<\/span><br \/><\/span><\/strong><\/p>\n<p style=\"text-align: right;\"><strong>Rosenheimerstr. 36<\/strong><br \/><strong>81669 M\u00fcnchen<\/strong><\/p>\n<p style=\"text-align: right;\"><strong><\/strong><\/p>\n<p style=\"text-align: right;\"><span style=\"font-size: medium;\"><strong>089 &#8211; 64 25 44 43<\/strong><\/span><\/p>\n<p>[\/et_pb_text][\/et_pb_column][\/et_pb_row][\/et_pb_section][et_pb_section fb_built=&#8221;1&#8243; _builder_version=&#8221;4.8.1&#8243; _module_preset=&#8221;default&#8221; background_color=&#8221;#fff5c6&#8243; global_colors_info=&#8221;{}&#8221;][et_pb_row _builder_version=&#8221;4.10.7&#8243; _module_preset=&#8221;default&#8221; global_colors_info=&#8221;{}&#8221;][et_pb_column type=&#8221;4_4&#8243; _builder_version=&#8221;4.10.7&#8243; _module_preset=&#8221;default&#8221; global_colors_info=&#8221;{}&#8221;][et_pb_text _builder_version=&#8221;4.10.7&#8243; _module_preset=&#8221;default&#8221; global_colors_info=&#8221;{}&#8221;]<\/p>\n<h1 class=\"\" id=\"cc-m-header-9470861284\" style=\"text-align: center;\">ANMELDUNG<\/h1>\n<h2 style=\"text-align: center;\"><span style=\"color: #cc4e1c;\">HELDENREISE-NEWSLETTER<br \/><span style=\"font-size: large;\">Infos zum n\u00e4chsten Heldenreise-Training 2026 und zu den anderen Angeboten von Andreas Kleindienst<\/span><\/span><\/h2>\n<p style=\"text-align: center;\"><span style=\"color: #cc4e1c;\"><span style=\"font-size: large;\"><\/span><\/span><\/p>\n<p><span style=\"color: #cc4e1c;\"><span style=\"font-size: large;\"><\/span><\/span><\/p>\n<p><span style=\"color: #cc4e1c;\"><span style=\"font-size: large;\"><\/span><\/span><\/p>\n<p>[\/et_pb_text][\/et_pb_column][\/et_pb_row][et_pb_row column_structure=&#8221;3_5,2_5&#8243; _builder_version=&#8221;4.10.7&#8243; _module_preset=&#8221;default&#8221; global_colors_info=&#8221;{}&#8221;][et_pb_column type=&#8221;3_5&#8243; _builder_version=&#8221;4.10.7&#8243; _module_preset=&#8221;default&#8221; global_colors_info=&#8221;{}&#8221;][et_pb_code _builder_version=&#8221;4.10.7&#8243; _module_preset=&#8221;default&#8221; global_colors_info=&#8221;{}&#8221;]<script><!-- [et_pb_line_break_holder] -->function loadjQuery(e,t){var n=document.createElement(\"script\");n.setAttribute(\"src\",e);n.onload=t;n.onreadystatechange=function(){if(this.readyState==\"complete\"||this.readyState==\"loaded\")t()};document.getElementsByTagName(\"head\")[0].appendChild(n)}function main(){<!-- [et_pb_line_break_holder] -->var $cr=jQuery.noConflict();var old_src;$cr(document).ready(function(){$cr(\".cr_form\").submit(function(){$cr(this).find('.clever_form_error').removeClass('clever_form_error');$cr(this).find('.clever_form_note').remove();$cr(this).find(\".musthave\").find('input, textarea').each(function(){if(jQuery.trim($cr(this).val())==\"\"||($cr(this).is(':checkbox'))||($cr(this).is(':radio'))){if($cr(this).is(':checkbox')||($cr(this).is(':radio'))){if(!$cr(this).parents(\".cr_ipe_item\").find(\":checked\").is(\":checked\")){$cr(this).parents(\".cr_ipe_item\").addClass('clever_form_error')}}else{$cr(this).addClass('clever_form_error')}}});if($cr(this).attr(\"action\").search(document.domain)>0&&$cr(\".cr_form\").attr(\"action\").search(\"wcs\")>0){var cr_email=$cr(this).find('input[name=email]');var unsub=false;if($cr(\"input['name=cr_subunsubscribe'][value='false']\").length){if($cr(\"input['name=cr_subunsubscribe'][value='false']\").is(\":checked\")){unsub=true}}if(cr_email.val()&&!unsub){$cr.ajax({type:\"GET\",url:$cr(\".cr_form\").attr(\"action\").replace(\"wcs\",\"check_email\")+window.btoa($cr(this).find('input[name=email]').val()),success:function(data){if(data){cr_email.addClass('clever_form_error').before(\"<\/p>\n<div class='clever_form_note cr_font'>\"+data+\"<\/div>\n<p>\");return false}},async:false})}var cr_captcha=$cr(this).find('input[name=captcha]');if(cr_captcha.val()){$cr.ajax({type:\"GET\",url:$cr(\".cr_form\").attr(\"action\").replace(\"wcs\",\"check_captcha\")+$cr(this).find('input[name=captcha]').val(),success:function(data){if(data){cr_captcha.addClass('clever_form_error').after(\"<\/p>\n<div style='display:block' class='clever_form_note cr_font'>\"+data+\"<\/div>\n<p>\");return false}},async:false})}}if($cr(this).find('.clever_form_error').length){return false}return true});$cr('input[class*=\"cr_number\"]').change(function(){if(isNaN($cr(this).val())){$cr(this).val(1)}if($cr(this).attr(\"min\")){if(($cr(this).val()*1)<($cr(this).attr(\"min\")*1)){$cr(this).val($cr(this).attr(\"min\"))}}if($cr(this).attr(\"max\")){if(($cr(this).val()*1)>($cr(this).attr(\"max\")*1)){$cr(this).val($cr(this).attr(\"max\"))}}});old_src=$cr(\"div[rel='captcha'] img:not(.captcha2_reload)\").attr(\"src\");if($cr(\"div[rel='captcha'] img:not(.captcha2_reload)\").length!=0){captcha_reload()}});function captcha_reload(){var timestamp=new Date().getTime();$cr(\"div[rel='captcha'] img:not(.captcha2_reload)\").attr(\"src\",\"\");$cr(\"div[rel='captcha'] img:not(.captcha2_reload)\").attr(\"src\",old_src+\"?t=\"+timestamp);return false}<!-- [et_pb_line_break_holder] --><!-- [et_pb_line_break_holder] -->}<!-- [et_pb_line_break_holder] -->if(typeof jQuery===\"undefined\"){loadjQuery(\"\/\/ajax.googleapis.com\/ajax\/libs\/jquery\/1.4.2\/jquery.min.js\",main)}else{main()}<!-- [et_pb_line_break_holder] --><!-- [et_pb_line_break_holder] --><\/script><!-- [et_pb_line_break_holder] --><!-- [et_pb_line_break_holder] --><!-- [et_pb_line_break_holder] --><\/p>\n<style><!-- [et_pb_line_break_holder] -->* {box-sizing: border-box;}<!-- [et_pb_line_break_holder] -->.cr-mail-responsive, .cr-mail-responsive * {box-sizing: unset;}<!-- [et_pb_line_break_holder] -->.cr_site{margin:0;padding:75px 0 0 0;text-align:center;background-color:#eeeeee;}<!-- [et_pb_line_break_holder] -->.cr_font{font-size: 14px;font-family: Arial;}<!-- [et_pb_line_break_holder] -->.cr_page{width: 100% !important;max-width:640px}<!-- [et_pb_line_break_holder] -->.cr_body{box-shadow: 0px 0px 14px 0px rgba(51,51,51,0.4);border-radius:8px;line-height:150%;font-family:Helvetica;font-size:12px;color:#333333;}<!-- [et_pb_line_break_holder] -->.cr_body h2, .cr_header h2{font-size:22px;line-height:28px;margin:0 0 10px 0;}<!-- [et_pb_line_break_holder] -->.cr_body h1, .cr_header h2{font-size:28px;margin-bottom:15px;padding:0;margin-top:0;}<!-- [et_pb_line_break_holder] -->.wrapper, .cr_page{margin:0 auto 10px auto;text-align:left;}<!-- [et_pb_line_break_holder] -->.cr_header{text-align:center;background: transparent !Important;}<!-- [et_pb_line_break_holder] -->.cr_header img {max-width: 100%;}<!-- [et_pb_line_break_holder] -->.cr_body label, .cr_body .label{float:none;clear:both;display:inline-block;width:auto;margin-top:8px;text-align:left;font-weight:bold;position:relative;}<!-- [et_pb_line_break_holder] -->.cr_body .no-label{font-weight: normal;}<!-- [et_pb_line_break_holder] -->.cr_body #editable_content{padding:20px;}<!-- [et_pb_line_break_holder] -->.editable-content {padding:20px}<!-- [et_pb_line_break_holder] -->.cr_button{display:inline-block;font-family:'Helvetica', Arial, sans-serif;width:auto;white-space:nowrap;height:32px;margin:5px 0;padding:0 22px;text-decoration:none;text-align:center;font-weight:bold;font-style:normal;font-size:15px;line-height:32px;cursor:pointer;border:0;-moz-border-radius:4px;border-radius:4px;-webkit-border-radius:4px;vertical-align:top;}<!-- [et_pb_line_break_holder] -->.cr_button{background-color:#333;color:#ffffff;}<!-- [et_pb_line_break_holder] -->.cr_button:hover,.cr_button-small:hover{opacity:0.7;filter:alpha(opacity=70);}<!-- [et_pb_line_break_holder] -->.powered{padding:20px 0;width:560px;margin:0 auto;}<!-- [et_pb_line_break_holder] -->.cr_ipe_item label{line-height:150%;font-size:14px;}<!-- [et_pb_line_break_holder] -->.cr_ipe_item textarea{background: none repeat scroll 0 0 #ffffff;border-radius:3px;border: 1px solid #ccc;font-family: Helvetica;font-size: 16px;}<!-- [et_pb_line_break_holder] -->.cr_ipe_item input{background: none repeat scroll 0 0 #ffffff;border-radius:3px;border: 1px solid #ccc;padding: 12px;font-family: Helvetica;font-size: 16px;}<!-- [et_pb_line_break_holder] -->.cr_ipe_item select{background: none repeat scroll 0 0 #ffffff;border-radius:3px;border: 1px solid #ccc;padding: 12px !Important;display: block;margin: 0;padding: 5px;width: 100%;font-family: Helvetica;font-size: 16px;}<!-- [et_pb_line_break_holder] -->.cr_ipe_item input.cr_ipe_radio, input.cr_ipe_checkbox{-moz-binding: none;-moz-box-sizing: border-box;background-color: -moz-field !important;border: 2px inset ThreeDFace !important;color: -moz-fieldtext !important;cursor: default;height: 13px;padding: 0 !important;width: 13px;}<!-- [et_pb_line_break_holder] -->.cr_ipe_item input.cr_ipe_radio{-moz-appearance: radio;border-radius: 100% 100% 100% 100% !important;margin: 3px 3px 0 5px;}<!-- [et_pb_line_break_holder] -->.cr_ipe_item{margin: 0px 10px; padding: 0px 10px;}<!-- [et_pb_line_break_holder] -->.submit_container{text-align:center}<!-- [et_pb_line_break_holder] -->.cr_ipe_item.inactive{display:none;}<!-- [et_pb_line_break_holder] -->.imprint{font-size:0.8em;}<!-- [et_pb_line_break_holder] -->.cr_captcha{padding-left:130px;}<!-- [et_pb_line_break_holder] -->.cr_error{font-size:1.1em;padding:10px;}<!-- [et_pb_line_break_holder] -->.clever_form_error{background-color:#f99; color:#000; border:1px solid #f22 !important}<!-- [et_pb_line_break_holder] -->.clever_form_note {margin:26px 0 0 3px;position:absolute;display:inline; padding: 2px 4px; font-weight:bold;background-color:#f2ecb5; color:#000; font-size:12px !important;  }<!-- [et_pb_line_break_holder] -->.cr_form-flex{display: flex;}<!-- [et_pb_line_break_holder] -->.cr_form-flex>.cr_form-inputgroup{flex-grow:1;margin-right: 5px;}<!-- [et_pb_line_break_holder] -->.cr_form-flex>.cr_form-inputgroup:last-child{margin-right: 0px;}<!-- [et_pb_line_break_holder] -->.cr_form-flex input{width:100%;}<!-- [et_pb_line_break_holder] --><!-- [et_pb_line_break_holder] -->.cr_site {background-color:#eee;}<!-- [et_pb_line_break_holder] -->.cr_header {color:#000000;}<!-- [et_pb_line_break_holder] -->.cr_body {background-color:#ffffff;font-size:12px;color:#000000;}<!-- [et_pb_line_break_holder] -->.cr_hr {background-color:#ccc;}<!-- [et_pb_line_break_holder] -->.cr_site a {color:#0084ff;}<!-- [et_pb_line_break_holder] -->.imprint{color:#000;}<!-- [et_pb_line_break_holder] --><!-- [et_pb_line_break_holder] --><\/style>\n<p><!-- [et_pb_line_break_holder] --><!-- [et_pb_line_break_holder] --><!-- [et_pb_line_break_holder] --><\/p>\n<style id=\"style\"><!-- [et_pb_line_break_holder] -->.cr_site {background-color:#e05f0b;}<!-- [et_pb_line_break_holder] -->.cr_header {background-color:#e05f0b;color:#ffffff;}<!-- [et_pb_line_break_holder] -->.cr_body {background-color:#fcdc74;font-size:12px;color:#333333;}<!-- [et_pb_line_break_holder] -->.cr_site a {color:#0084ff;}<!-- [et_pb_line_break_holder] -->.cr_hr {background-color:#cccccc;}<!-- [et_pb_line_break_holder] -->.cr_page {width:auto;max-width:640px;}<!-- [et_pb_line_break_holder] -->.cr_button {background-color:#f57f11;}<!-- [et_pb_line_break_holder] --><!-- [et_pb_line_break_holder] --><\/style>\n<p><!-- [et_pb_line_break_holder] --><!-- [et_pb_line_break_holder] --><!-- [et_pb_line_break_holder] --><!-- [et_pb_line_break_holder] --><\/p>\n<form class=\"layout_form cr_form cr_font\" action=\"https:\/\/seu1.cleverreach.com\/f\/57641-227744\/wcs\/\" method=\"post\" target=\"_blank\"><!-- [et_pb_line_break_holder] -->\t<\/p>\n<div class=\"cr_body cr_page cr_font formbox\"><!-- [et_pb_line_break_holder] -->\t\t<\/p>\n<div class=\"non_sortable\" style=\"text-align:left;\"><!-- [et_pb_line_break_holder] -->\t\t\t<!-- [et_pb_line_break_holder] -->\t\t<\/div>\n<p><!-- [et_pb_line_break_holder] -->\t\t<!-- [et_pb_line_break_holder] -->\t\t<\/p>\n<div class=\"editable_content\" style=\"text-align:left;\"><!-- [et_pb_line_break_holder] -->\t\t<\/p>\n<div id=\"4865705\" rel=\"text\" class=\"cr_form-component cr_form-component--text cr_ipe_item ui-sortable musthave\" style=\" margin-bottom:0px;\"><!-- [et_pb_line_break_holder] -->    <\/p>\n<div class=\"cr_form-inputgroup cr_form-inputgroup--typetext\"><!-- [et_pb_line_break_holder] -->        <label for=\"cr_form-input--text4865705\" class=\"itemname\">Vorname*<\/label><!-- [et_pb_line_break_holder] -->        <input id=\"cr_form-input--text4865705\" class=\"cr_form-input\" type=\"text\" name=\"1066298\" placeholder=\"Dein Vorname\" style=\"width:100%;\"><!-- [et_pb_line_break_holder] -->    <\/div>\n<p><!-- [et_pb_line_break_holder] --><\/div>\n<p><!-- [et_pb_line_break_holder] --><\/p>\n<div id=\"4850120\" rel=\"email\" class=\"cr_form-component cr_form-component--email cr_ipe_item ui-sortable musthave\" style=\"margin-bottom:px;\"><!-- [et_pb_line_break_holder] -->    <\/p>\n<div class=\"cr_form-inputgroup cr_form-inputgroup--typeemail\"><!-- [et_pb_line_break_holder] -->        <label for=\"text4850120\">E-Mail*<\/label><!-- [et_pb_line_break_holder] -->        <input class=\"cr_form-input\" type=\"email\" id=\"text4850120\" name=\"email\" value=\"\" placeholder=\"name@example.com\" style=\"width:100%;\"><!-- [et_pb_line_break_holder] -->    <\/div>\n<p><!-- [et_pb_line_break_holder] --><\/div>\n<div id=\"4850122\" rel=\"button\" class=\"cr_form-component cr_form-component--submit cr_ipe_item ui-sortable  submit_container\"><!-- [et_pb_line_break_holder] -->    <button type=\"submit\" class=\"cr_form-block cr_button\">Anmelden<\/button><!-- [et_pb_line_break_holder] --><\/div>\n<p><!-- [et_pb_line_break_holder] --><!-- [et_pb_line_break_holder] -->        <\/div>\n<p><!-- [et_pb_line_break_holder] -->        <!-- [et_pb_line_break_holder] -->\t<noscript><a href=\"http:\/\/www.cleverreach.de\">www.CleverReach.de<\/a><\/noscript><!-- [et_pb_line_break_holder] -->    <\/div>\n<p><!-- [et_pb_line_break_holder] --><!-- [et_pb_line_break_holder] -->    <!-- [et_pb_line_break_holder] --><\/form>\n<p>[\/et_pb_code][\/et_pb_column][et_pb_column type=&#8221;2_5&#8243; _builder_version=&#8221;4.10.7&#8243; _module_preset=&#8221;default&#8221; global_colors_info=&#8221;{}&#8221;][et_pb_text _builder_version=&#8221;4.10.7&#8243; _module_preset=&#8221;default&#8221; global_colors_info=&#8221;{}&#8221;]<\/p>\n<p><span style=\"font-size: small;\">Mit der Einwilligung in den Empfang des Newsletters erkl\u00e4ren sich die TeilnehmerInnen damit einverstanden von Andreas Kleindienst per Email Informationen zu seinen Angeboten zu erhalten. Die Einwilligung in den Empfang des Newsletters ist freiwillig und kann jederzeit durch Klicken des Abmeldelink in der Mail widerrufen werden.<\/span><\/p>\n<p>[\/et_pb_text][\/et_pb_column][\/et_pb_row][et_pb_row _builder_version=&#8221;4.10.7&#8243; _module_preset=&#8221;default&#8221; global_colors_info=&#8221;{}&#8221;][et_pb_column type=&#8221;4_4&#8243; _builder_version=&#8221;4.10.7&#8243; _module_preset=&#8221;default&#8221; global_colors_info=&#8221;{}&#8221;][et_pb_text _builder_version=&#8221;4.10.7&#8243; _module_preset=&#8221;default&#8221; global_colors_info=&#8221;{}&#8221;]<\/p>\n<p><a href=\"https:\/\/heldenreise.com\/index.php\/termine\/\"><span style=\"font-size: x-large;\">ZU DEN TERMINEN mit Andreas Kleindienst und Kollegen<\/span><\/a><\/p>\n<p>[\/et_pb_text][\/et_pb_column][\/et_pb_row][\/et_pb_section][et_pb_section fb_built=&#8221;1&#8243; prev_background_color=&#8221;#fff5c6&#8243; _builder_version=&#8221;4.8.1&#8243; _module_preset=&#8221;default&#8221; background_color=&#8221;#e5d3ac&#8221; top_divider_style=&#8221;wave2&#8243; global_colors_info=&#8221;{}&#8221;][\/et_pb_section]<\/p>\n","protected":false},"excerpt":{"rendered":"<p>JAkraft!\u00a0 Heldenreise-NewsletterRechtzeitig Infos erhalten zu neuen Workshopterminen. Holotropes Atmen, Heldenreise-Training, Wonnetraining etc.Andreas KleindienstHeilpraktiker f\u00fcr PsychotherapieGestalttherapeut &amp;Heldenreiseleiter nach Paul Rebillot Rosenheimerstr. 3681669 M\u00fcnchen 089 &#8211; 64 25 44 43ANMELDUNG HELDENREISE-NEWSLETTERInfos zum n\u00e4chsten Heldenreise-Training 2026 und zu den anderen Angeboten von Andreas Kleindienst Mit der Einwilligung in den Empfang des Newsletters erkl\u00e4ren sich die TeilnehmerInnen damit einverstanden [&hellip;]<\/p>\n","protected":false},"author":1,"featured_media":0,"parent":0,"menu_order":0,"comment_status":"closed","ping_status":"closed","template":"","meta":{"_et_pb_use_builder":"on","_et_pb_old_content":"","_et_gb_content_width":""},"_links":{"self":[{"href":"https:\/\/heldenreise.com\/index.php\/wp-json\/wp\/v2\/pages\/809"}],"collection":[{"href":"https:\/\/heldenreise.com\/index.php\/wp-json\/wp\/v2\/pages"}],"about":[{"href":"https:\/\/heldenreise.com\/index.php\/wp-json\/wp\/v2\/types\/page"}],"author":[{"embeddable":true,"href":"https:\/\/heldenreise.com\/index.php\/wp-json\/wp\/v2\/users\/1"}],"replies":[{"embeddable":true,"href":"https:\/\/heldenreise.com\/index.php\/wp-json\/wp\/v2\/comments?post=809"}],"version-history":[{"count":12,"href":"https:\/\/heldenreise.com\/index.php\/wp-json\/wp\/v2\/pages\/809\/revisions"}],"predecessor-version":[{"id":2991,"href":"https:\/\/heldenreise.com\/index.php\/wp-json\/wp\/v2\/pages\/809\/revisions\/2991"}],"wp:attachment":[{"href":"https:\/\/heldenreise.com\/index.php\/wp-json\/wp\/v2\/media?parent=809"}],"curies":[{"name":"wp","href":"https:\/\/api.w.org\/{rel}","templated":true}]}}