{"id":21,"date":"2021-01-19T15:13:05","date_gmt":"2021-01-19T15:13:05","guid":{"rendered":"https:\/\/heldenreise.com\/?page_id=21"},"modified":"2024-09-23T11:00:03","modified_gmt":"2024-09-23T11:00:03","slug":"gestalttherapie","status":"publish","type":"page","link":"https:\/\/heldenreise.com\/index.php\/gestalttherapie\/","title":{"rendered":"Gestalttherapie"},"content":{"rendered":"<p>[et_pb_section fb_built=&#8221;1&#8243; next_background_color=&#8221;#fff5c6&#8243; _builder_version=&#8221;4.10.7&#8243; _module_preset=&#8221;default&#8221; background_color=&#8221;rgba(255,236,155,0.94)&#8221; background_image=&#8221;https:\/\/heldenreise.com\/wp-content\/uploads\/2021\/01\/sun-5294496_1920.jpg&#8221; min_height=&#8221;181px&#8221; custom_padding=&#8221;0px|||||&#8221; top_divider_color=&#8221;#FFFFFF&#8221; top_divider_height=&#8221;17px&#8221; bottom_divider_style=&#8221;waves2&#8243; bottom_divider_height=&#8221;25px&#8221; global_colors_info=&#8221;{}&#8221;][et_pb_row column_structure=&#8221;1_2,1_2&#8243; _builder_version=&#8221;4.8.1&#8243; _module_preset=&#8221;default&#8221; min_height=&#8221;272.9px&#8221; global_colors_info=&#8221;{}&#8221;][et_pb_column type=&#8221;1_2&#8243; _builder_version=&#8221;4.8.1&#8243; _module_preset=&#8221;default&#8221; global_colors_info=&#8221;{}&#8221;][et_pb_text _builder_version=&#8221;4.8.1&#8243; _module_preset=&#8221;default&#8221; global_colors_info=&#8221;{}&#8221;][\/et_pb_text][et_pb_text _builder_version=&#8221;4.8.1&#8243; _module_preset=&#8221;default&#8221; text_text_color=&#8221;#FFFFFF&#8221; text_font_size=&#8221;61px&#8221; header_font_size=&#8221;37px&#8221; background_layout=&#8221;dark&#8221; text_text_shadow_style=&#8221;preset2&#8243; text_text_shadow_horizontal_length=&#8221;-0.1em&#8221; global_colors_info=&#8221;{}&#8221;]<\/p>\n<h1><\/h1>\n<h1>GESTALTTHERAPIE<\/h1>\n<p>[\/et_pb_text][et_pb_text _builder_version=&#8221;4.8.1&#8243; _module_preset=&#8221;default&#8221; text_text_color=&#8221;#F9F9DE&#8221; text_text_shadow_style=&#8221;preset1&#8243; inline_fonts=&#8221;Vampiro One,Linden Hill,Special Elite&#8221; global_colors_info=&#8221;{}&#8221;]<\/p>\n<p style=\"text-align: left;\"><span style=\"color: #ffffff; font-size: x-large; font-family: Special Elite; font-weight: normal;\">Was ist, darf sein.<br \/>Was sein darf, kann sich ver\u00e4ndern.<\/span><\/p>\n<p style=\"text-align: right;\"><span style=\"color: #ffffff; font-size: x-large;\"><br \/><span style=\"font-size: medium;\">Werner Bock<\/span><\/span><\/p>\n<p>[\/et_pb_text][\/et_pb_column][et_pb_column type=&#8221;1_2&#8243; _builder_version=&#8221;4.8.1&#8243; _module_preset=&#8221;default&#8221; global_colors_info=&#8221;{}&#8221;][et_pb_text _builder_version=&#8221;4.8.1&#8243; _module_preset=&#8221;default&#8221; text_text_color=&#8221;#F9F9DE&#8221; text_text_shadow_style=&#8221;preset2&#8243; text_text_shadow_vertical_length=&#8221;0.12em&#8221; text_text_shadow_blur_strength=&#8221;0.25em&#8221; text_text_shadow_color=&#8221;#000000&#8243; global_colors_info=&#8221;{}&#8221;]<\/p>\n<p style=\"text-align: right;\"><strong><span style=\"font-size: 13pt;\"><span style=\"font-size: 20pt;\">Gestalttherapie in M\u00fcnchen <\/span><br \/>Heilpraxis f\u00fcr ganzheitliche Psychotherapie<br \/><\/span><span style=\"font-size: 5pt;\"><br \/><\/span><span style=\"font-size: 10pt;\"><span style=\"font-size: large;\">Andreas Kleindienst<br \/>Heilpraktiker f\u00fcr Psychotherapie<\/span><br \/><span style=\"font-size: large;\"> Gestalttherapeut<\/span><br \/><\/span><\/strong><\/p>\n<p style=\"text-align: right;\"><strong>Rosenheimerstr. 36<\/strong><br \/><strong>81669 M\u00fcnchen<\/strong><\/p>\n<p style=\"text-align: right;\"><strong><\/strong><\/p>\n<p style=\"text-align: right;\"><span style=\"font-size: medium;\"><strong>089 &#8211; 64 25 44 43<\/strong><\/span><\/p>\n<p>[\/et_pb_text][\/et_pb_column][\/et_pb_row][\/et_pb_section][et_pb_section fb_built=&#8221;1&#8243; _builder_version=&#8221;4.8.1&#8243; _module_preset=&#8221;default&#8221; background_color=&#8221;#fff5c6&#8243; global_colors_info=&#8221;{}&#8221;][et_pb_row column_structure=&#8221;1_4,3_4&#8243; _builder_version=&#8221;4.8.1&#8243; _module_preset=&#8221;default&#8221; global_colors_info=&#8221;{}&#8221;][et_pb_column type=&#8221;1_4&#8243; _builder_version=&#8221;4.8.1&#8243; _module_preset=&#8221;default&#8221; global_colors_info=&#8221;{}&#8221;][et_pb_image src=&#8221;https:\/\/heldenreise.com\/wp-content\/uploads\/2021\/04\/Praxis-fur-Gestalttherapie-in-Munchen.jpg&#8221; alt=&#8221;Praxisraum in M\u00fcnchen&#8221; title_text=&#8221;Praxis f\u00fcr Gestalttherapie in M\u00fcnchen&#8221; _builder_version=&#8221;4.9.3&#8243; _module_preset=&#8221;default&#8221; transform_scale=&#8221;120%|120%&#8221; custom_margin=&#8221;29px|||20px|false|false&#8221; custom_padding=&#8221;|||20px|false|false&#8221; box_shadow_style=&#8221;preset3&#8243; global_colors_info=&#8221;{}&#8221;][\/et_pb_image][\/et_pb_column][et_pb_column type=&#8221;3_4&#8243; _builder_version=&#8221;4.8.1&#8243; _module_preset=&#8221;default&#8221; global_colors_info=&#8221;{}&#8221;][et_pb_text _builder_version=&#8221;4.10.7&#8243; _module_preset=&#8221;default&#8221; global_colors_info=&#8221;{}&#8221;]<\/p>\n<h3><span style=\"font-size: large; color: #cc4e1c;\"><strong><span style=\"font-family: inherit;\" color=\"#000000\"><span face=\"Sylfaen, serif\"><span size=\"4\">PSYCHOTHERAPIE UND COACHING<br \/>in M\u00fcnchen, in Weilheim und Online<br \/><\/span><\/span><\/span><\/strong><\/span><\/h3>\n<h1 style=\"margin-bottom: 0.5cm;\" align=\"left\"><span style=\"color: #808080; font-weight: normal; font-family: inherit;\" color=\"#000000\"><span face=\"Sylfaen, serif\">Manchmal w\u00fcnschen wir uns einfach Unterst\u00fctzung. Das geh\u00f6rt zum Menschsein dazu.<\/span><\/span><\/h1>\n<p style=\"margin-bottom: 0.5cm;\" align=\"left\"><span style=\"font-weight: normal; color: #808080;\"><span color=\"#000000\"><span face=\"Sylfaen, serif\">Psychotherapie, so wie ich sie sehe, ist eine professionelle Form <\/span><\/span><span color=\"#000000\"><span face=\"Sylfaen, serif\">der<\/span><\/span><span color=\"#000000\"><span face=\"Sylfaen, serif\"> Unterst\u00fctzung <\/span><\/span><span color=\"#000000\"><span face=\"Sylfaen, serif\">von Mensch zu Mensch<\/span><\/span><span color=\"#000000\"><span face=\"Sylfaen, serif\">, eine Begleitung auf deinem Weg durch deine Krise.<br \/><\/span><\/span><\/span><span style=\"color: #000000; font-weight: normal;\" color=\"#000000\"><span face=\"Sylfaen, serif\" style=\"color: #808080;\">Phasen von Niedergeschlagenheit, Selbstzweifel und Unzufriedenheit, belastende schwierige Beziehungs- und Lebenssituationen, innere Konflikte und traumatische Erlebnisse geh\u00f6ren genauso zu einem normalen Leben wie unsere Gl\u00fccksmomente und unsere erhebenden Erfahrungen in unseren Hochphasen. Oft sind es sogar die Krisen im Erwachsenenleben die uns veranlassen, die Entwicklungsschritte zu machen, durch welche wir<\/span><span face=\"Sylfaen, serif\"><\/span><\/span><\/p>\n<p>[\/et_pb_text][\/et_pb_column][\/et_pb_row][et_pb_row column_structure=&#8221;1_3,1_3,1_3&#8243; _builder_version=&#8221;4.8.1&#8243; _module_preset=&#8221;default&#8221; global_colors_info=&#8221;{}&#8221;][et_pb_column type=&#8221;1_3&#8243; _builder_version=&#8221;4.8.1&#8243; _module_preset=&#8221;default&#8221; global_colors_info=&#8221;{}&#8221;][\/et_pb_column][et_pb_column type=&#8221;1_3&#8243; _builder_version=&#8221;4.8.1&#8243; _module_preset=&#8221;default&#8221; global_colors_info=&#8221;{}&#8221;][et_pb_text _builder_version=&#8221;4.8.1&#8243; _module_preset=&#8221;default&#8221; inline_fonts=&#8221;Mountains of Christmas,Special Elite&#8221; global_colors_info=&#8221;{}&#8221;]<\/p>\n<ul>\n<li>\n<p align=\"left\"><span style=\"font-size: medium; font-weight: normal; font-family: Special Elite;\"><span size=\"3\">reifer<\/span><\/span><\/p>\n<\/li>\n<li>\n<p align=\"left\"><span style=\"font-size: medium; font-weight: normal; font-family: Special Elite;\"><span size=\"3\">selbstbewusster<\/span><\/span><\/p>\n<\/li>\n<li>\n<p align=\"left\"><span style=\"font-size: medium; font-weight: normal; font-family: Special Elite;\"><span size=\"3\">gelassener<\/span><\/span><\/p>\n<\/li>\n<li>\n<p align=\"left\"><span style=\"font-size: medium; font-weight: normal; font-family: Special Elite;\"><span size=\"3\">konfliktf\u00e4higer<\/span><\/span><\/p>\n<\/li>\n<li>\n<p align=\"left\"><span style=\"font-size: medium; font-weight: normal; font-family: Special Elite;\"><span size=\"3\">lebensfroher<\/span><\/span><\/p>\n<\/li>\n<\/ul>\n<p>[\/et_pb_text][\/et_pb_column][et_pb_column type=&#8221;1_3&#8243; _builder_version=&#8221;4.8.1&#8243; _module_preset=&#8221;default&#8221; global_colors_info=&#8221;{}&#8221;][et_pb_text _builder_version=&#8221;4.8.1&#8243; _module_preset=&#8221;default&#8221; inline_fonts=&#8221;Special Elite&#8221; global_colors_info=&#8221;{}&#8221;]<\/p>\n<ul>\n<li>\n<p align=\"left\"><span style=\"font-size: medium; font-weight: normal; font-family: Special Elite;\"><span size=\"3\">zufriedener mit uns selbst<\/span><\/span><\/p>\n<\/li>\n<li>\n<p align=\"left\"><span style=\"font-size: medium; font-weight: normal; font-family: Special Elite;\"><span size=\"3\">genussf\u00e4higer<\/span><\/span><\/p>\n<\/li>\n<li>\n<p align=\"left\"><span style=\"font-size: medium; font-weight: normal; font-family: Special Elite;\"><span size=\"3\">liebesf\u00e4higer<\/span><\/span><\/p>\n<\/li>\n<li>\n<p align=\"left\"><span style=\"font-size: medium; font-weight: normal; font-family: Special Elite;\"><span size=\"3\">kontaktf\u00e4higer<\/span><\/span><\/p>\n<\/li>\n<li>\n<p align=\"left\"><span style=\"font-size: medium; font-weight: normal; font-family: Special Elite;\"><span size=\"3\">erfolgreicher<\/span><\/span><\/p>\n<\/li>\n<li><span style=\"font-size: medium; font-weight: normal; font-family: Special Elite;\"><span size=\"3\">und attraktiver werden.<\/span><\/span><\/li>\n<\/ul>\n<p>[\/et_pb_text][\/et_pb_column][\/et_pb_row][et_pb_row column_structure=&#8221;1_4,3_4&#8243; _builder_version=&#8221;4.8.1&#8243; _module_preset=&#8221;default&#8221; global_colors_info=&#8221;{}&#8221;][et_pb_column type=&#8221;1_4&#8243; _builder_version=&#8221;4.8.1&#8243; _module_preset=&#8221;default&#8221; global_colors_info=&#8221;{}&#8221;][\/et_pb_column][et_pb_column type=&#8221;3_4&#8243; _builder_version=&#8221;4.8.1&#8243; _module_preset=&#8221;default&#8221; global_colors_info=&#8221;{}&#8221;][et_pb_text _builder_version=&#8221;4.8.1&#8243; _module_preset=&#8221;default&#8221; global_colors_info=&#8221;{}&#8221;]<\/p>\n<blockquote>\n<p><span style=\"font-weight: normal;\" face=\"Sylfaen, serif\">Worum geht es bei dir?<br \/><\/span><span style=\"font-weight: normal;\" face=\"Sylfaen, serif\">Wie kannst du deine Krise optimal nutzen?<br \/><\/span><span style=\"font-weight: normal;\" face=\"Sylfaen, serif\">Was m\u00f6chtest du \u00fcberwinden und hinter dir lassen?<br \/><\/span><span style=\"font-weight: normal;\" face=\"Sylfaen, serif\">Was m\u00f6chtest du lernen?<\/span><\/p>\n<p><span style=\"font-weight: normal;\" face=\"Sylfaen, serif\">Wie m\u00f6chtest du eigentlich leben?<\/span><\/p>\n<\/blockquote>\n<p><span style=\"font-weight: normal;\" face=\"Sylfaen, serif\">Ich unterst\u00fctze und begleite dich gerne dabei, das herauszufinden und deinen Weg dorthin zu gehen.<br \/>Ich glaube, auf diesem Weg geht es unter anderem darum:<\/span><\/p>\n<p><span style=\"font-size: x-large;\"><span style=\"font-weight: normal;\" face=\"Sylfaen, serif\">\u00a0\u00a0\u00a0\u00a0\u00a0\u00a0\u00a0\u00a0 <span style=\"color: #cc4e1c;\">JA<\/span> zu sagen zu dir selbst. <br \/><\/span><span style=\"font-weight: normal;\" face=\"Sylfaen, serif\">\u00a0\u00a0\u00a0\u00a0\u00a0\u00a0\u00a0\u00a0\u00a0\u00a0\u00a0\u00a0\u00a0\u00a0\u00a0\u00a0\u00a0\u00a0\u00a0\u00a0\u00a0\u00a0 <span style=\"color: #cc4e1c;\">JA<\/span> zu deinen Gef\u00fchlen und Bed\u00fcrfnissen.<br \/><\/span><\/span><span style=\"font-weight: normal;\" face=\"Sylfaen, serif\"><span style=\"font-size: x-large;\">\u00a0\u00a0\u00a0\u00a0\u00a0\u00a0\u00a0\u00a0\u00a0\u00a0\u00a0\u00a0\u00a0\u00a0\u00a0\u00a0\u00a0\u00a0\u00a0\u00a0\u00a0\u00a0\u00a0\u00a0\u00a0\u00a0\u00a0\u00a0\u00a0\u00a0\u00a0\u00a0\u00a0\u00a0\u00a0\u00a0\u00a0<span style=\"color: #cc4e1c;\"> JA<\/span> zu deiner Kraft und <span style=\"color: #cc4e1c;\">JA<\/span> zu deinem Potenzial.<\/span><br \/><\/span><span style=\"font-weight: normal;\" face=\"Sylfaen, serif\"><br \/><\/span><span style=\"color: #000000; font-weight: normal;\" color=\"#000000\"><span face=\"Sylfaen, serif\"><span style=\"font-size: small;\" size=\"2\"><\/span><\/span><\/span><\/p>\n<p><span style=\"color: #000000; font-weight: normal;\" color=\"#000000\"><span face=\"Sylfaen, serif\"><span style=\"font-size: small;\" size=\"2\"><\/span><\/span><\/span><\/p>\n<p>[\/et_pb_text][\/et_pb_column][\/et_pb_row][\/et_pb_section][et_pb_section fb_built=&#8221;1&#8243; _builder_version=&#8221;4.8.1&#8243; _module_preset=&#8221;default&#8221; global_colors_info=&#8221;{}&#8221;][et_pb_row column_structure=&#8221;1_4,3_4&#8243; _builder_version=&#8221;4.8.1&#8243; _module_preset=&#8221;default&#8221; global_colors_info=&#8221;{}&#8221;][et_pb_column type=&#8221;1_4&#8243; _builder_version=&#8221;4.8.1&#8243; _module_preset=&#8221;default&#8221; global_colors_info=&#8221;{}&#8221;][\/et_pb_column][et_pb_column type=&#8221;3_4&#8243; _builder_version=&#8221;4.8.1&#8243; _module_preset=&#8221;default&#8221; global_colors_info=&#8221;{}&#8221;][et_pb_text _builder_version=&#8221;4.8.1&#8243; _module_preset=&#8221;default&#8221; global_colors_info=&#8221;{}&#8221;]<\/p>\n<p align=\"justify\"><span style=\"color: #990000;\" color=\"#990000\"><span style=\"font-family: Sylfaen, serif;\" face=\"Sylfaen, serif\"><span style=\"font-size: large;\" size=\"4\"><b>Was hei\u00dft \u201cganzheitliche Psychotherapie\u201d?<\/b><\/span><\/span><\/span><\/p>\n<p align=\"justify\"><span style=\"font-family: Sylfaen, serif;\" face=\"Sylfaen, serif\">Ganzheitliche Psychotherapie hei\u00dft, dass es in der Therapie um den Menschen als Ganzes geht. Ich verstehe den Menschen als wunderbares Wesen, einen genialen Organismus, ein intelligentes Zusammenspiel von seelischen, k\u00f6rperlichen und geistigen Prozessen, immer im gr\u00f6\u00dferen Zusammenhang eingebunden in seine Beziehungen und die Welt, die ihn umgibt.<br \/>In Zeiten der inneren Krise sind wir aus dem seelischen Gleichgewicht geraten. Im Alltag und alleine ist es oft unm\u00f6glich den nat\u00fcrlichen seelischen Prozessen Raum zu geben, die uns durch die Krise hindurch tragen und zu einem neuen Gleichgewicht bringen k\u00f6nnen. Mit Gestalttherapie kann es gelingen. <\/p>\n<p><\/span><\/p>\n<p align=\"left\"><span style=\"color: #990000;\" color=\"#990000\"><span style=\"font-family: Sylfaen, serif;\" face=\"Sylfaen, serif\"><span style=\"font-size: large;\" size=\"4\"><b>Was ist Gestalttherapie?<\/b><\/span><\/span><\/span><\/p>\n<p align=\"justify\"><span style=\"font-family: Sylfaen, serif;\" face=\"Sylfaen, serif\">Gestalttherapie ist eine humanistische, ganzheitliche Form der Psychotherapie, deren Wirkung darin liegt, dass die nat\u00fcrlichen Entwicklungsprozesse, die dir in Zeiten der pers\u00f6nlichen Krise Schwierigkeiten bereiten, einen sicheren Raum bekommen, in dem sie durchlebt und abgeschlossen werden k\u00f6nnen. Dieser besondere Raum \u00f6ffnet sich in der pers\u00f6nlichen Begegnung zwischen Klient und Therapeut.<br \/>Gemeinsam erforschen wir, was geschieht, wenn die Zusammenh\u00e4nge zwischen deinen Gef\u00fchlen, deinen\u00a0 W\u00fcnschen und deinen \u00c4ngsten, deinen Zielen und deinen alten Glaubenss\u00e4tzen deutlicher sp\u00fcrbar werden. Das im Austausch miteinander bewusst wahrzunehmen und zu erleben, bringt deine nat\u00fcrlichen seelischen Prozesse wieder ins Flie\u00dfen. Ver\u00e4nderung geschieht dann ganz von selbst.<\/span><\/p>\n<p>[\/et_pb_text][\/et_pb_column][\/et_pb_row][\/et_pb_section][et_pb_section fb_built=&#8221;1&#8243; prev_background_color=&#8221;#ffffff&#8221; _builder_version=&#8221;4.10.7&#8243; _module_preset=&#8221;default&#8221; background_color=&#8221;#e5d3ac&#8221; top_divider_style=&#8221;wave2&#8243; top_divider_height=&#8221;30px&#8221; global_colors_info=&#8221;{}&#8221; custom_padding=&#8221;||137px|||&#8221;][et_pb_row column_structure=&#8221;1_4,1_2,1_4&#8243; _builder_version=&#8221;4.8.1&#8243; _module_preset=&#8221;default&#8221; min_height=&#8221;648.6px&#8221; custom_margin=&#8221;78px|auto|-135px|auto||&#8221; global_colors_info=&#8221;{}&#8221;][et_pb_column type=&#8221;1_4&#8243; _builder_version=&#8221;4.8.1&#8243; _module_preset=&#8221;default&#8221; global_colors_info=&#8221;{}&#8221;][et_pb_image src=&#8221;https:\/\/heldenreise.com\/wp-content\/uploads\/2023\/06\/Bildschirmfoto-zu-2023-06-11-15-04-50-e1686490489121.png&#8221; alt=&#8221;Andreas&#8221; title_text=&#8221;Andreas&#8221; _builder_version=&#8221;4.10.7&#8243; _module_preset=&#8221;default&#8221; transform_scale=&#8221;172%|172%&#8221; transform_translate=&#8221;38px|51px&#8221; width=&#8221;61%&#8221; box_shadow_style=&#8221;preset3&#8243; global_colors_info=&#8221;{}&#8221;][\/et_pb_image][\/et_pb_column][et_pb_column type=&#8221;1_2&#8243; _builder_version=&#8221;4.8.1&#8243; _module_preset=&#8221;default&#8221; global_colors_info=&#8221;{}&#8221;][et_pb_text _builder_version=&#8221;4.8.1&#8243; _module_preset=&#8221;default&#8221; min_height=&#8221;428.6px&#8221; global_colors_info=&#8221;{}&#8221;]<\/p>\n<h3><span style=\"color: #cc4e1c;\">ZU MEINER PERSON<\/span><\/h3>\n<p>Ich hei\u00dfe Andreas Kleindienst und wurde 1976 geboren. Ich lebe mit meiner Frau und unseren zwei Kindern s\u00fcdlich von M\u00fcnchen.<\/p>\n<ul>\n<li>\n<p>2000-2005 Ausbildung zum Holotropic Breathwork Practitioner nach Stanislav Grof<\/p>\n<\/li>\n<li>\n<p>2000-2001 Heldenreise-Training beim Institut f\u00fcr Gestalt und Erfahrung IGE<\/p>\n<\/li>\n<li>\n<p>Seit 2000 bin ich als Assistent f\u00fcr Menschen mit Behinderung t\u00e4tig.<\/p>\n<\/li>\n<li>\n<p>Seit 2002 leite ich regelm\u00e4\u00dfig Selbsterfahrungsseminare nach Paul Rebillot und habe seit dem viele Menschen auf ihrem Weg durch intensive Ver\u00e4nderungsprozesse begleiten k\u00f6nnen.<\/p>\n<\/li>\n<li>\n<p>Seit 2005 Heilpraktiker f\u00fcr Psychotherapie mit Praxis in M\u00fcnchen<\/p>\n<\/li>\n<li>\n<p>2007 \u201cMaster Class\u201d bei Paul Rebillot \u201cSchool of Gestalt and Experiencial Teaching\u201d<\/p>\n<\/li>\n<li>\n<p>2008-2011 Gestalttherapieausbildung bei Werner Bock und Frank-M. Staemmler am ZfG in W\u00fcrzburg; zertifizierter Gestalttherapeut seit 2011<\/p>\n<\/li>\n<li>\n<p>anschlie\u00dfend 8-j\u00e4hrige Gestalttherapie-Master-Class bei Werner Bock<\/p>\n<\/li>\n<li>\n<p>Seit 2013 Ausbildungsleiter des Heldenreise Trainings nach Paul Rebillot<\/p>\n<\/li>\n<li>\n<p>Seit 2021 Lehrtherapeut und Ausbilder in verschiedenen Gestalttherapieausbildungen: Heldenweginstitut und Schatzbergakademie<\/p>\n<\/li>\n<\/ul>\n<p><span style=\"color: #000000; font-weight: normal;\" color=\"#000000\"><span face=\"Sylfaen, serif\" style=\"color: #808080;\"><\/span><span face=\"Sylfaen, serif\"><\/span><\/span><\/p>\n<p>[\/et_pb_text][\/et_pb_column][et_pb_column type=&#8221;1_4&#8243; _builder_version=&#8221;4.8.1&#8243; _module_preset=&#8221;default&#8221; global_colors_info=&#8221;{}&#8221;][\/et_pb_column][\/et_pb_row][\/et_pb_section][et_pb_section fb_built=&#8221;1&#8243; prev_background_color=&#8221;#e5d3ac&#8221; _builder_version=&#8221;4.10.7&#8243; _module_preset=&#8221;default&#8221; background_color=&#8221;#ffffff&#8221; top_divider_style=&#8221;ramp2&#8243; top_divider_height=&#8221;30px&#8221; global_colors_info=&#8221;{}&#8221;][et_pb_row column_structure=&#8221;1_4,3_4&#8243; _builder_version=&#8221;4.8.1&#8243; _module_preset=&#8221;default&#8221; min_height=&#8221;775.5px&#8221; global_colors_info=&#8221;{}&#8221;][et_pb_column type=&#8221;1_4&#8243; _builder_version=&#8221;4.8.1&#8243; _module_preset=&#8221;default&#8221; global_colors_info=&#8221;{}&#8221;][\/et_pb_column][et_pb_column type=&#8221;3_4&#8243; _builder_version=&#8221;4.8.1&#8243; _module_preset=&#8221;default&#8221; global_colors_info=&#8221;{}&#8221;][et_pb_text _builder_version=&#8221;4.8.1&#8243; _module_preset=&#8221;default&#8221; custom_padding=&#8221;43px|||||&#8221; global_colors_info=&#8221;{}&#8221;]<\/p>\n<h1><span style=\"font-family: inherit; font-weight: normal; color: #cc4e1c;\"><strong>KONTAKT UND KOSTEN<\/strong><\/span><\/h1>\n<blockquote>\n<p style=\"text-align: left;\"><span style=\"font-family: Sylfaen,serif;\">Eine Einzelsitzung (60 Min) kostet 120 EUR.<br \/><strong>F\u00fcnf Einzelsitzungen (5 x 60 Min) kosten 500 EUR<\/strong>.<br \/><\/span><span style=\"font-family: Sylfaen,serif;\"><\/span><\/p>\n<p>&nbsp;<\/p>\n<p style=\"text-align: left;\"><span style=\"font-family: Sylfaen,serif;\">Krankenkassen \u00fcbernehmen die Kosten leider nicht.<br \/>Private Krankenversicherungen erstatten je nach Einzelfall. Einige Klienten haben gute Erfahrungen mit Heilpraktiker-Zusatzversicherungen gemacht.<br \/><\/span><\/p>\n<\/blockquote>\n<p style=\"text-align: left;\"><span style=\"font-family: Sylfaen,serif;\">F\u00fcr eine erfolgreiche Therapie ist es wichtig, dass es auf der pers\u00f6nlichen Ebene zwischen Klient und Therapeut gut passt, dass \u201cdie Chemie stimmt\u201d, dass du im Kontakt merkst, dass du Lust auf eine Zusammenarbeit hast. Um herauszufinden, ob wir f\u00fcr die Arbeit an deinem Anliegen zusammen passen und ein gutes Team f\u00fcr dich sein k\u00f6nnen. Dazu machen wir erst einmal eine Probesitzung\/Kennenlernsitzung.<\/span><\/p>\n<p style=\"text-align: left;\"><span style=\"font-family: Sylfaen,serif;\">Wenn du m\u00f6chtest, ruf jetzt gleich an. Du kannst zu jeder Tages- und Nachtzeit auf meinen Anrufbeantworter sprechen. Ich rufe dann in der Regel am n\u00e4chsten Werktag zur\u00fcck, dann k\u00f6nnen wir einen Termin f\u00fcr eine Probesitzung in der Praxis ausmachen. Ich bin gespannt auf dich und dein inneres Anliegen.<\/span><\/p>\n<p style=\"text-align: left;\"><span style=\"font-family: Sylfaen,serif;\"><\/span><\/p>\n<blockquote>\n<p style=\"text-align: left;\"><span style=\"font-family: Sylfaen,serif;\">Ruf mich an, sprich mir auf den Praxis-AB:<\/span><\/p>\n<p style=\"text-align: left;\"><span style=\"font-family: Sylfaen,serif;\"><\/span><\/p>\n<p style=\"text-align: left;\"><span style=\"font-family: Sylfaen,serif;\"><\/span><\/p>\n<p style=\"text-align: left;\"><span style=\"font-family: Sylfaen,serif;\"><\/span><\/p>\n<p style=\"text-align: left;\"><span style=\"font-family: Sylfaen,serif;\"><\/span><\/p>\n<p style=\"text-align: center;\"><span style=\"font-family: Sylfaen,serif;\"><br \/>089 &#8211; 64 25 44 43<br \/><\/span><\/p>\n<p style=\"text-align: left;\"><span style=\"font-family: Sylfaen,serif;\"><br \/>Bitte gib an, wann und an welchen Tagen du f\u00fcr ein kurzes Gespr\u00e4ch am besten zu erreichen bist.<br \/>Ich rufe dich dann zur\u00fcck.<\/span><\/p>\n<p>&nbsp;<\/p>\n<p style=\"text-align: left;\"><span style=\"font-family: Sylfaen,serif;\">Oder schreib mir unter <span style=\"color: #e09900;\">kontakt@heldenreise.com<\/span><\/span><\/p>\n<\/blockquote>\n<p style=\"margin-bottom: 0.5cm;\" align=\"left\"><span style=\"font-family: inherit;\"><a href=\"mailto:kontakt@heldenreise.com\"><\/a><\/span><\/p>\n<h3 style=\"margin-bottom: 0.5cm;\" align=\"right\"><span style=\"color: #cc4e1c; font-family: inherit; font-size: x-large;\" color=\"#ff3300\"><b>HERZLICH WILLKOMMEN !<br \/><\/b><\/span><\/h3>\n<p style=\"text-align: left;\"><span style=\"font-family: Sylfaen,serif;\"><\/span><\/p>\n<p style=\"text-align: left;\"><span style=\"font-family: Sylfaen,serif;\"><\/span><\/p>\n<p>[\/et_pb_text][\/et_pb_column][\/et_pb_row][\/et_pb_section]<\/p>\n","protected":false},"excerpt":{"rendered":"<p>GESTALTTHERAPIEWas ist, darf sein.Was sein darf, kann sich ver\u00e4ndern. Werner BockGestalttherapie in M\u00fcnchen Heilpraxis f\u00fcr ganzheitliche PsychotherapieAndreas KleindienstHeilpraktiker f\u00fcr Psychotherapie Gestalttherapeut Rosenheimerstr. 3681669 M\u00fcnchen 089 &#8211; 64 25 44 43PSYCHOTHERAPIE UND COACHINGin M\u00fcnchen, in Weilheim und Online Manchmal w\u00fcnschen wir uns einfach Unterst\u00fctzung. Das geh\u00f6rt zum Menschsein dazu. Psychotherapie, so wie ich sie sehe, ist [&hellip;]<\/p>\n","protected":false},"author":1,"featured_media":0,"parent":0,"menu_order":0,"comment_status":"closed","ping_status":"closed","template":"","meta":{"_et_pb_use_builder":"on","_et_pb_old_content":"<!-- wp:table {\"className\":\"is-style-regular\"} -->\n<figure class=\"wp-block-table is-style-regular\"><table><tbody><tr><td><strong>PSYCHOTHERAPIE<br>Manchmal w\u00fcnschen wir uns einfach Unterst\u00fctzung. Das geh\u00f6rt zum Menschsein dazu.<\/strong> Psychotherapie, so wie ich sie sehe, ist eine professionelle Form einer solchen Unterst\u00fctzung, eine Begleitung auf deinem Weg durch deine Krise. Phasen von Niedergeschlagenheit, Selbstzweifel und Unzufriedenheit, belastende schwierige Beziehungs- und Lebenssituationen, innere Konflikte und traumatische Erlebnisse geh\u00f6ren genauso zu einem normalen Leben wie unsere Gl\u00fccksmomente und unsere erhebenden Erfahrungen in unseren Hochphasen. Oft sind es sogar die Krisen im Erwachsenenleben die uns veranlassen, die Entwicklungsschritte zu machen, durch welche wir<br><br>reifer selbstbewusster gelassener konfliktf\u00e4higer lebensfroher zufriedener mit uns selbst genussf\u00e4higer liebesf\u00e4higer kontaktf\u00e4higer erfolgreicher und attraktiver werden.<br><br>Worum geht es bei dir? Wie kannst du deine Krise optimal nutzen? Was m\u00f6chtest du \u00fcberwinden und hinter dir lassen? Was m\u00f6chtest du lernen? Wie m\u00f6chtest du eigentlich leben? Ich unterst\u00fctze und begleite dich gerne dabei, das heraus zu finden und deinen Weg dorthin zu gehen.<br>Ich glaube, auf diesem Weg geht es unter anderem darum JA zu sagen zu dir selbst. JA zu deinen Gef\u00fchlen und Bed\u00fcrfnissen. JA zu deiner Kraft und JA zu deinem Potenzial.<\/td><td><\/td><\/tr><tr><td><\/td><\/tr><tr><td><\/td><td><\/td><td><\/td><\/tr><tr><td><\/td><\/tr><tr><td><\/td><td><\/td><\/tr><tr><td><\/td><\/tr><\/tbody><\/table><\/figure>\n<!-- \/wp:table -->","_et_gb_content_width":""},"_links":{"self":[{"href":"https:\/\/heldenreise.com\/index.php\/wp-json\/wp\/v2\/pages\/21"}],"collection":[{"href":"https:\/\/heldenreise.com\/index.php\/wp-json\/wp\/v2\/pages"}],"about":[{"href":"https:\/\/heldenreise.com\/index.php\/wp-json\/wp\/v2\/types\/page"}],"author":[{"embeddable":true,"href":"https:\/\/heldenreise.com\/index.php\/wp-json\/wp\/v2\/users\/1"}],"replies":[{"embeddable":true,"href":"https:\/\/heldenreise.com\/index.php\/wp-json\/wp\/v2\/comments?post=21"}],"version-history":[{"count":44,"href":"https:\/\/heldenreise.com\/index.php\/wp-json\/wp\/v2\/pages\/21\/revisions"}],"predecessor-version":[{"id":2781,"href":"https:\/\/heldenreise.com\/index.php\/wp-json\/wp\/v2\/pages\/21\/revisions\/2781"}],"wp:attachment":[{"href":"https:\/\/heldenreise.com\/index.php\/wp-json\/wp\/v2\/media?parent=21"}],"curies":[{"name":"wp","href":"https:\/\/api.w.org\/{rel}","templated":true}]}}