{"id":1250,"date":"2022-07-15T07:52:26","date_gmt":"2022-07-15T07:52:26","guid":{"rendered":"https:\/\/heldenreise.com\/?page_id=1250"},"modified":"2024-10-17T13:28:03","modified_gmt":"2024-10-17T13:28:03","slug":"zu-meiner-person","status":"publish","type":"page","link":"https:\/\/heldenreise.com\/index.php\/zu-meiner-person\/","title":{"rendered":"Zu meiner Person"},"content":{"rendered":"<p>[et_pb_section fb_built=&#8221;1&#8243; _builder_version=&#8221;4.10.7&#8243; _module_preset=&#8221;default&#8221; global_colors_info=&#8221;{}&#8221;][et_pb_row _builder_version=&#8221;4.10.7&#8243; _module_preset=&#8221;default&#8221; global_colors_info=&#8221;{}&#8221;][et_pb_column type=&#8221;4_4&#8243; _builder_version=&#8221;4.10.7&#8243; _module_preset=&#8221;default&#8221; global_colors_info=&#8221;{}&#8221;][et_pb_team_member name=&#8221;ZU MEINER PERSON&#8221; position=&#8221;Andreas Kleindienst&#8221; image_url=&#8221;https:\/\/heldenreise.com\/wp-content\/uploads\/2024\/04\/Andreas.png&#8221; _builder_version=&#8221;4.10.7&#8243; _module_preset=&#8221;default&#8221; custom_margin=&#8221;||3px|||&#8221; animation_style=&#8221;fade&#8221; border_style_all_image=&#8221;none&#8221; box_shadow_style_image=&#8221;preset3&#8243; global_colors_info=&#8221;{}&#8221;]<\/p>\n<p><span style=\"font-size: medium; font-family: inherit; font-weight: normal;\"><br \/>Mensch seit 1976<br \/>Papa &amp; Ehemann<br \/>Assistent f\u00fcr Menschen mit Behinderung<br \/>Gestalttherapeut<br \/>Heilpraktiker f\u00fcr ganzeitliche Psychotherapie (HPG)<br \/>Gesch\u00e4ftsf\u00fchrer von\u00a0<strong> <span style=\"color: #e2913b;\">JA<span style=\"color: #cc4e1c;\">kraft!-Seminare<\/span><\/span><\/strong><br \/>Heldenreiseleiter nach Paul Rebillot<br \/>Holotropic Breathwork Practitioner nach Stan Grof<br \/>Ausbildungsleitung im Heldenreise-Training<br \/><\/span><br \/><span style=\"font-size: medium; font-family: inherit; font-weight: normal;\">Ich lebe mit meiner Frau und unseren zwei Kindern s\u00fcdlich von M\u00fcnchen.<\/span><\/p>\n<p>[\/et_pb_team_member][et_pb_text _builder_version=&#8221;4.10.7&#8243; _module_preset=&#8221;default&#8221; global_colors_info=&#8221;{}&#8221;]<\/p>\n<p>&nbsp;<\/p>\n<ul>\n<li>2000-2005 Ausbildung zum Holotropic Breathwork Practitioner nach Stanislav Grof<\/li>\n<li>2000-2001 Heldenreise-Training beim Institut f\u00fcr Gestalt und Erfahrung IGE<\/li>\n<li>Seit 2000 bin ich als Assistent f\u00fcr Menschen mit Behinderung t\u00e4tig.<\/li>\n<li>Seit 2002 leite ich regelm\u00e4\u00dfig Selbsterfahrungsseminare nach Paul Rebillot und habe seit dem viele Menschen auf ihrem Weg durch intensive Ver\u00e4nderungsprozesse begleiten k\u00f6nnen.<\/li>\n<li>Seit 2005 Heilpraktiker f\u00fcr Psychotherapie (HPG) mit Praxis in M\u00fcnchen<\/li>\n<li>2007 \u201cMaster Class\u201d bei Paul Rebillot \u201cSchool of Gestalt and Experiencial Teaching\u201d<\/li>\n<li>2008-2011 Gestalttherapieausbildung bei Werner Bock und Frank-M. Staemmler am ZfG in W\u00fcrzburg; zertifizierter Gestalttherapeut seit 2011<\/li>\n<li>\n<p>anschlie\u00dfend 8-j\u00e4hrige Gestalttherapie-Master-Class bei Werner Bock<\/p>\n<\/li>\n<li>\n<p>Seit 2013 Ausbildungsleiter des Heldenreise Trainings nach Paul Rebillot<\/p>\n<\/li>\n<li>\n<p>Seit 2021 Lehrtherapeut und Ausbilder in verschiedenen Gestalttherapieausbildungen: Heldenweginstitut und Schatzbergakademie<\/p>\n<\/li>\n<\/ul>\n<p>[\/et_pb_text][\/et_pb_column][\/et_pb_row][\/et_pb_section]<\/p>\n","protected":false},"excerpt":{"rendered":"<p>Mensch seit 1976Papa &amp; EhemannAssistent f\u00fcr Menschen mit BehinderungGestalttherapeutHeilpraktiker f\u00fcr ganzeitliche Psychotherapie (HPG)Gesch\u00e4ftsf\u00fchrer von\u00a0 JAkraft!-SeminareHeldenreiseleiter nach Paul RebillotHolotropic Breathwork Practitioner nach Stan GrofAusbildungsleitung im Heldenreise-TrainingIch lebe mit meiner Frau und unseren zwei Kindern s\u00fcdlich von M\u00fcnchen.&nbsp; 2000-2005 Ausbildung zum Holotropic Breathwork Practitioner nach Stanislav Grof 2000-2001 Heldenreise-Training beim Institut f\u00fcr Gestalt und Erfahrung IGE Seit [&hellip;]<\/p>\n","protected":false},"author":1,"featured_media":0,"parent":0,"menu_order":0,"comment_status":"closed","ping_status":"closed","template":"","meta":{"_et_pb_use_builder":"on","_et_pb_old_content":"","_et_gb_content_width":""},"_links":{"self":[{"href":"https:\/\/heldenreise.com\/index.php\/wp-json\/wp\/v2\/pages\/1250"}],"collection":[{"href":"https:\/\/heldenreise.com\/index.php\/wp-json\/wp\/v2\/pages"}],"about":[{"href":"https:\/\/heldenreise.com\/index.php\/wp-json\/wp\/v2\/types\/page"}],"author":[{"embeddable":true,"href":"https:\/\/heldenreise.com\/index.php\/wp-json\/wp\/v2\/users\/1"}],"replies":[{"embeddable":true,"href":"https:\/\/heldenreise.com\/index.php\/wp-json\/wp\/v2\/comments?post=1250"}],"version-history":[{"count":17,"href":"https:\/\/heldenreise.com\/index.php\/wp-json\/wp\/v2\/pages\/1250\/revisions"}],"predecessor-version":[{"id":2935,"href":"https:\/\/heldenreise.com\/index.php\/wp-json\/wp\/v2\/pages\/1250\/revisions\/2935"}],"wp:attachment":[{"href":"https:\/\/heldenreise.com\/index.php\/wp-json\/wp\/v2\/media?parent=1250"}],"curies":[{"name":"wp","href":"https:\/\/api.w.org\/{rel}","templated":true}]}}